{"id":166,"date":"2025-01-23T21:14:35","date_gmt":"2025-01-23T13:14:35","guid":{"rendered":"https:\/\/azak.co.uk\/?page_id=166"},"modified":"2025-03-09T18:57:24","modified_gmt":"2025-03-09T10:57:24","slug":"communique-de-presse","status":"publish","type":"page","link":"https:\/\/www.constructbali.com\/fr\/press-releases\/","title":{"rendered":"Communiqu\u00e9s de presse"},"content":{"rendered":"<div class=\"wp-block-uagb-container uagb-layout-flex uagb-block-a728fd6b alignfull uagb-is-root-container\"><div class=\"uagb-container-inner-blocks-wrap\">\n<div class=\"wp-block-uagb-advanced-heading uagb-block-7023df4a\"><h1 class=\"uagb-heading-text\">Communiqu\u00e9s de presse<\/h1><p class=\"uagb-desc-text translation-block\">Restez inform\u00e9 des derni\u00e8res actualit\u00e9s de Construct Bali, d\u00e9couvrez nos projets, nos \u00e9quipes et nos partenariats. Pour plus d'informations, contactez-nous \u00e0 <a href=\"mailto:marketing@constructbali.com\" target=\"_self\">marketing@constructbali.com<\/a>.<\/p><\/div>\n\n\n\n<div class=\"wp-block-uagb-container uagb-block-7bb12753\">\n\t\t\t<div class=\"wp-block-uagb-post-grid uagb-post-grid  uagb-post__image-position-top uagb-post__image-enabled uagb-block-56590b9c     uagb-post__items uagb-post__columns-2 is-grid uagb-post__columns-tablet-2 uagb-post__columns-mobile-1 uagb-post__equal-height uagb-equal_height_inline-read-more-buttons\" data-total=\"1\" style=\"\">\n\n\t\t\t\t\t\t\t\t\t\t\t\t<article class=\"uagb-post__inner-wrap\">\t\t\t\t\t\t\t\t<div class='uagb-post__image'>\n\t\t\t\t\t\t\t\t\t<a href=\"https:\/\/www.constructbali.com\/fr\/press-releases\/construct-bali-announces-construction-of-hera-residence\/\" target=\"_self\" rel=\"bookmark noopener noreferrer\" class='uagb-image-ratio-inherit'><img loading=\"lazy\" decoding=\"async\" width=\"846\" height=\"604\" src=\"https:\/\/www.constructbali.com\/wp-content\/uploads\/Hera-Residence-entrance-and-parking.jpg\" class=\"attachment-large size-large\" alt=\"Entr\u00e9e et parking de la r\u00e9sidence Hera\" srcset=\"https:\/\/www.constructbali.com\/wp-content\/uploads\/Hera-Residence-entrance-and-parking.jpg 846w, https:\/\/www.constructbali.com\/wp-content\/uploads\/Hera-Residence-entrance-and-parking-768x548.jpg 768w\" sizes=\"auto, (max-width: 846px) 100vw, 846px\" \/>\t\t\t\t\t<\/a>\n\t\t\t\t\t\t\t<\/div>\n\t\t\t\t\t\t<h4 class=\"uagb-post__title uagb-post__text\">\n\t\t\t\t<a href=\"https:\/\/www.constructbali.com\/fr\/press-releases\/construct-bali-announces-construction-of-hera-residence\/\" target=\"_self\" rel=\"bookmark noopener noreferrer\">Construct Bali annonce la construction d\u2019Hera Residence<\/a>\n\t\t\t<\/h4>\n\t\t\t\t\t\t<div class='uagb-post__text uagb-post-grid-byline'>\n\t\t\t\t\t\t\t\t<time datetime=\"2025-01-11T23:21:32+08:00\" class=\"uagb-post__date\">\n\t\t\t\t\t\t\t\t\t11 janvier 2025\t\t\t\t<\/time>\n\t\t\t\t\t\t<\/div>\n\t\t\t\t\t\t\t<div class='uagb-post__text uagb-post__excerpt'>\n\t\t\t\t\tConstruct Bali, entreprise leader en gestion de construction et en conseil, a annonc\u00e9 aujourd'hui son contrat pour la construction de la prestigieuse R\u00e9sidence Hera.\t\t\t\t<\/div>\n\t\t\t\t\t\t<div class=\"uagb-post__text uagb-post__cta wp-block-button\">\n\t\t\t\t<a class=\"wp-block-button__link uagb-text-link\" style=\"\" href=\"https:\/\/www.constructbali.com\/fr\/press-releases\/construct-bali-announces-construction-of-hera-residence\/\" target=\"_self\" rel=\"bookmark noopener noreferrer\">Lire<\/a>\n\t\t\t<\/div>\n\t\t\t\n\t\t\t\t\t\t\t\t\t<\/article>\n\t\t\t\t\t\t\t\t\t\t\t\t\t\t\t\t<article class=\"uagb-post__inner-wrap\">\t\t\t\t\t\t\t\t<div class='uagb-post__image'>\n\t\t\t\t\t\t\t\t\t<a href=\"https:\/\/www.constructbali.com\/fr\/press-releases\/construct-bali-announces-completion-of-luxury-villa-residence-in-canggu\/\" target=\"_self\" rel=\"bookmark noopener noreferrer\" class='uagb-image-ratio-inherit'><img loading=\"lazy\" decoding=\"async\" width=\"1600\" height=\"1142\" src=\"https:\/\/www.constructbali.com\/wp-content\/uploads\/Ibai-Villas-swimming-pool-1600x1142.jpg\" class=\"attachment-large size-large\" alt=\"Ibai Villas swimming pool\" srcset=\"https:\/\/www.constructbali.com\/wp-content\/uploads\/Ibai-Villas-swimming-pool-1600x1142.jpg 1600w, https:\/\/www.constructbali.com\/wp-content\/uploads\/Ibai-Villas-swimming-pool-900x643.jpg 900w, https:\/\/www.constructbali.com\/wp-content\/uploads\/Ibai-Villas-swimming-pool-768x549.jpg 768w, https:\/\/www.constructbali.com\/wp-content\/uploads\/Ibai-Villas-swimming-pool-1536x1097.jpg 1536w, https:\/\/www.constructbali.com\/wp-content\/uploads\/Ibai-Villas-swimming-pool-2048x1463.jpg 2048w\" sizes=\"auto, (max-width: 1600px) 100vw, 1600px\" \/>\t\t\t\t\t<\/a>\n\t\t\t\t\t\t\t<\/div>\n\t\t\t\t\t\t<h4 class=\"uagb-post__title uagb-post__text\">\n\t\t\t\t<a href=\"https:\/\/www.constructbali.com\/fr\/press-releases\/construct-bali-announces-completion-of-luxury-villa-residence-in-canggu\/\" target=\"_self\" rel=\"bookmark noopener noreferrer\">Construct Bali annonce l\u2019ach\u00e8vement des villas de luxe \u00e0 Berawa, Canggu<\/a>\n\t\t\t<\/h4>\n\t\t\t\t\t\t<div class='uagb-post__text uagb-post-grid-byline'>\n\t\t\t\t\t\t\t\t<time datetime=\"2024-11-21T00:50:00+08:00\" class=\"uagb-post__date\">\n\t\t\t\t\t\t\t\t\t21 novembre 2024\t\t\t\t<\/time>\n\t\t\t\t\t\t<\/div>\n\t\t\t\t\t\t\t<div class='uagb-post__text uagb-post__excerpt'>\n\t\t\t\t\tConstruct Bali, cabinet de conseil en construction de premier plan \u00e0 Bali, et Own Partners Bali, d\u00e9veloppeur immobilier d\u2019exception, annoncent aujourd\u2019hui l\u2019ach\u00e8vement r\u00e9ussi du prestigieux projet Ibai Villas \u00e0 Berawa, Canggu. \t\t\t\t<\/div>\n\t\t\t\t\t\t<div class=\"uagb-post__text uagb-post__cta wp-block-button\">\n\t\t\t\t<a class=\"wp-block-button__link uagb-text-link\" style=\"\" href=\"https:\/\/www.constructbali.com\/fr\/press-releases\/construct-bali-announces-completion-of-luxury-villa-residence-in-canggu\/\" target=\"_self\" rel=\"bookmark noopener noreferrer\">Lire<\/a>\n\t\t\t<\/div>\n\t\t\t\n\t\t\t\t\t\t\t\t\t<\/article>\n\t\t\t\t\t\t\t\t\t\t\t<\/div>\n\t\t\t<\/div>\n<\/div><\/div>","protected":false},"excerpt":{"rendered":"<p>Press Releases Keep up to date with the latest news from Construct Bali, to hear about our projects, people and [&hellip;]<\/p>\n","protected":false},"author":1,"featured_media":0,"parent":0,"menu_order":0,"comment_status":"closed","ping_status":"closed","template":"","meta":{"_uag_custom_page_level_css":"","site-sidebar-layout":"default","site-content-layout":"","ast-site-content-layout":"normal-width-container","site-content-style":"default","site-sidebar-style":"default","ast-global-header-display":"","ast-banner-title-visibility":"","ast-main-header-display":"","ast-hfb-above-header-display":"","ast-hfb-below-header-display":"","ast-hfb-mobile-header-display":"","site-post-title":"","ast-breadcrumbs-content":"","ast-featured-img":"","footer-sml-layout":"","ast-disable-related-posts":"","theme-transparent-header-meta":"default","adv-header-id-meta":"","stick-header-meta":"","header-above-stick-meta":"","header-main-stick-meta":"","header-below-stick-meta":"","astra-migrate-meta-layouts":"default","ast-page-background-enabled":"default","ast-page-background-meta":{"desktop":{"background-color":"var(--ast-global-color-5)","background-image":"","background-repeat":"repeat","background-position":"center center","background-size":"auto","background-attachment":"scroll","background-type":"","background-media":"","overlay-type":"","overlay-color":"","overlay-opacity":"","overlay-gradient":""},"tablet":{"background-color":"","background-image":"","background-repeat":"repeat","background-position":"center center","background-size":"auto","background-attachment":"scroll","background-type":"","background-media":"","overlay-type":"","overlay-color":"","overlay-opacity":"","overlay-gradient":""},"mobile":{"background-color":"","background-image":"","background-repeat":"repeat","background-position":"center center","background-size":"auto","background-attachment":"scroll","background-type":"","background-media":"","overlay-type":"","overlay-color":"","overlay-opacity":"","overlay-gradient":""}},"ast-content-background-meta":{"desktop":{"background-color":"var(--ast-global-color-4)","background-image":"","background-repeat":"repeat","background-position":"center center","background-size":"auto","background-attachment":"scroll","background-type":"","background-media":"","overlay-type":"","overlay-color":"","overlay-opacity":"","overlay-gradient":""},"tablet":{"background-color":"var(--ast-global-color-4)","background-image":"","background-repeat":"repeat","background-position":"center center","background-size":"auto","background-attachment":"scroll","background-type":"","background-media":"","overlay-type":"","overlay-color":"","overlay-opacity":"","overlay-gradient":""},"mobile":{"background-color":"var(--ast-global-color-4)","background-image":"","background-repeat":"repeat","background-position":"center center","background-size":"auto","background-attachment":"scroll","background-type":"","background-media":"","overlay-type":"","overlay-color":"","overlay-opacity":"","overlay-gradient":""}},"footnotes":""},"class_list":["post-166","page","type-page","status-publish","hentry"],"uagb_featured_image_src":{"full":false,"thumbnail":false,"medium":false,"medium_large":false,"large":false,"1536x1536":false,"2048x2048":false,"trp-custom-language-flag":false},"uagb_author_info":{"display_name":"seyhan","author_link":"https:\/\/www.constructbali.com\/fr\/author\/seyhan\/"},"uagb_comment_info":0,"uagb_excerpt":"Press Releases Keep up to date with the latest news from Construct Bali, to hear about our projects, people and [&hellip;]","_links":{"self":[{"href":"https:\/\/www.constructbali.com\/fr\/wp-json\/wp\/v2\/pages\/166","targetHints":{"allow":["GET"]}}],"collection":[{"href":"https:\/\/www.constructbali.com\/fr\/wp-json\/wp\/v2\/pages"}],"about":[{"href":"https:\/\/www.constructbali.com\/fr\/wp-json\/wp\/v2\/types\/page"}],"author":[{"embeddable":true,"href":"https:\/\/www.constructbali.com\/fr\/wp-json\/wp\/v2\/users\/1"}],"replies":[{"embeddable":true,"href":"https:\/\/www.constructbali.com\/fr\/wp-json\/wp\/v2\/comments?post=166"}],"version-history":[{"count":1,"href":"https:\/\/www.constructbali.com\/fr\/wp-json\/wp\/v2\/pages\/166\/revisions"}],"predecessor-version":[{"id":4005,"href":"https:\/\/www.constructbali.com\/fr\/wp-json\/wp\/v2\/pages\/166\/revisions\/4005"}],"wp:attachment":[{"href":"https:\/\/www.constructbali.com\/fr\/wp-json\/wp\/v2\/media?parent=166"}],"curies":[{"name":"wp","href":"https:\/\/api.w.org\/{rel}","templated":true}]}}