{"id":168,"date":"2025-01-23T21:18:53","date_gmt":"2025-01-23T13:18:53","guid":{"rendered":"https:\/\/azak.co.uk\/?page_id=168"},"modified":"2025-03-07T00:34:15","modified_gmt":"2025-03-06T16:34:15","slug":"service-client","status":"publish","type":"page","link":"https:\/\/www.constructbali.com\/fr\/customer-care\/","title":{"rendered":"Service Client"},"content":{"rendered":"<div class=\"wp-block-uagb-container uagb-block-4f179478 alignfull uagb-is-root-container\">\n<div class=\"wp-block-uagb-advanced-heading uagb-block-68d979bd\"><h1 class=\"uagb-heading-text translation-block\">Service<br>Client<\/h1><\/div>\n\n\n\n<div class=\"wp-block-uagb-buttons uagb-buttons__outer-wrap uagb-btn__default-btn uagb-btn-tablet__default-btn uagb-btn-mobile__default-btn uagb-block-8a8b5890 project\"><div class=\"uagb-buttons__wrap uagb-buttons-layout-wrap\">\n<div class=\"wp-block-uagb-buttons-child uagb-buttons__outer-wrap uagb-block-da837c23 wp-block-button\"><div class=\"uagb-button__wrapper\"><a class=\"uagb-buttons-repeater ast-outline-button\" aria-label=\"\" style=\"border-width:revert-layer\" href=\"\/fr\/projets\/villa-oasis\/\" rel=\"follow noopener\" target=\"_self\" role=\"button\"><div class=\"uagb-button__link\">Villa Oasis<\/div><\/a><\/div><\/div>\n<\/div><\/div>\n<\/div>\n\n\n\n<div class=\"wp-block-uagb-container uagb-block-d5c0ddab alignfull uagb-is-root-container\"><div class=\"uagb-container-inner-blocks-wrap\">\n<div class=\"wp-block-uagb-container uagb-block-47a4cc8e\">\n<div class=\"wp-block-uagb-advanced-heading uagb-block-59e59ffd\"><h2 class=\"uagb-heading-text\">De la premi\u00e8re consultation jusqu\u2019\u00e0 la livraison et au-del\u00e0, nous pla\u00e7ons l'excellence de notre service client au c\u0153ur de nos priorit\u00e9s<\/h2><\/div>\n<\/div>\n<\/div><\/div>\n\n\n\n<div class=\"wp-block-uagb-container uagb-block-972832f8 alignfull uagb-is-root-container\"><div class=\"uagb-container-inner-blocks-wrap\">\n<div class=\"wp-block-uagb-container uagb-block-59badf7c alignfull uagb-is-root-container\"><div class=\"uagb-container-inner-blocks-wrap\">\n<div class=\"wp-block-uagb-info-box uagb-block-0c671da1 uagb-infobox__content-wrap  uagb-infobox-icon-above-title uagb-infobox-image-valign-top\"><div class=\"uagb-ifb-content\"><div class=\"uagb-ifb-icon-wrap\"><svg xmlns=\"https:\/\/www.w3.org\/2000\/svg\" viewbox=\"0 0 512 512\"><path d=\"M512 256C512 397.4 397.4 512 256 512C114.6 512 0 397.4 0 256C0 114.6 114.6 0 256 0C397.4 0 512 114.6 512 256z\"><\/path><\/svg><\/div><div class=\"uagb-ifb-title-wrap\"><h3 class=\"uagb-ifb-title translation-block\">Engagement<br>apr\u00e8s livraison<\/h3><\/div><p class=\"uagb-ifb-desc\">Nous visons le perfection pour chaque maison que nous construisons, afin d'assurer une exp\u00e9rience d\u2019emm\u00e9nagement fluide et sereine. Pour votre tranquillit\u00e9 d'esprit, nous proposons une garantie compl\u00e8te d'un an. En cas de besoin, notre \u00e9quipe intervient rapidement et efficacement, en assurant un suivi personnalis\u00e9 et une coordination totale. Nous nous engageons \u00e0 pr\u00e9server la qualit\u00e9 de votre maison bien apr\u00e8s sa livraison. <strong>one-year warranty<\/strong> for your peace of mind. Should any minor repairs be necessary, our team responds quickly and effectively, communicating directly with you and coordinating all appointments. We are committed to maintaining the quality of your home long after completion.<\/p><\/div><\/div>\n\n\n\n<div class=\"wp-block-uagb-container uagb-block-56832628\">\n<div class=\"wp-block-uagb-image uagb-block-eda032c4 wp-block-uagb-image--layout-default wp-block-uagb-image--effect-static wp-block-uagb-image--align-none\"><figure class=\"wp-block-uagb-image__figure\"><img decoding=\"async\" srcset=\"https:\/\/www.constructbali.com\/wp-content\/uploads\/Dining-kitching-of-Oasis-Villa-in-Bali-900x643.jpg ,https:\/\/www.constructbali.com\/wp-content\/uploads\/Dining-kitching-of-Oasis-Villa-in-Bali-scaled.jpg 780w, https:\/\/www.constructbali.com\/wp-content\/uploads\/Dining-kitching-of-Oasis-Villa-in-Bali-scaled.jpg 360w\" sizes=\"auto, (max-width: 480px) 150px\" src=\"https:\/\/www.constructbali.com\/wp-content\/uploads\/Dining-kitching-of-Oasis-Villa-in-Bali-900x643.jpg\" alt=\"Cuisine salle \u00e0 manger de la Villa Oasis \u00e0 Bali\" class=\"uag-image-1791\" width=\"1600\" height=\"1142\" title=\"Cuisine salle \u00e0 manger de la Villa Oasis \u00e0 Bali\" loading=\"lazy\" role=\"img\"\/><\/figure><\/div>\n\n\n\n<div class=\"wp-block-uagb-buttons uagb-buttons__outer-wrap uagb-btn__default-btn uagb-btn-tablet__default-btn uagb-btn-mobile__default-btn uagb-block-dfcc2a85 project\"><div class=\"uagb-buttons__wrap uagb-buttons-layout-wrap\">\n<div class=\"wp-block-uagb-buttons-child uagb-buttons__outer-wrap uagb-block-feba4ae3 wp-block-button\"><div class=\"uagb-button__wrapper\"><a class=\"uagb-buttons-repeater ast-outline-button\" aria-label=\"\" style=\"border-width:revert-layer\" href=\"\/fr\/projets\/villa-oasis\/\" rel=\"follow noopener\" target=\"_self\" role=\"button\"><div class=\"uagb-button__link\">Villa Oasis<\/div><\/a><\/div><\/div>\n<\/div><\/div>\n<\/div>\n<\/div><\/div>\n\n\n\n<div class=\"wp-block-uagb-container uagb-block-463ffe1d alignfull uagb-is-root-container\"><div class=\"uagb-container-inner-blocks-wrap\">\n<div class=\"wp-block-uagb-info-box uagb-block-b47b953f uagb-infobox__content-wrap  uagb-infobox-icon-above-title uagb-infobox-image-valign-top\"><div class=\"uagb-ifb-content\"><div class=\"uagb-ifb-icon-wrap\"><svg xmlns=\"https:\/\/www.w3.org\/2000\/svg\" viewbox=\"0 0 512 512\"><path d=\"M512 256C512 397.4 397.4 512 256 512C114.6 512 0 397.4 0 256C0 114.6 114.6 0 256 0C397.4 0 512 114.6 512 256z\"><\/path><\/svg><\/div><div class=\"uagb-ifb-title-wrap\"><h3 class=\"uagb-ifb-title translation-block\">Chef de<br>Projet D\u00e9di\u00e9<\/h3><\/div><p class=\"uagb-ifb-desc translation-block\">Chaque projet b\u00e9n\u00e9ficie d'un chef de projet d\u00e9di\u00e9 sur site ainsi que d'une \u00e9quipe de livraison exp\u00e9riment\u00e9e, cr\u00e9ant un lien de confiance et un point de contact privil\u00e9gi\u00e9 pour nos clients. Nous mettons un point d'honneur \u00e0 garantir une communication transparente et des mises \u00e0 jour r\u00e9guli\u00e8res \u00e0 chaque \u00e9tape. Cette approche centr\u00e9e sur le client assure un processus de construction harmonieux, au service de l\u2019efficacit\u00e9 et de la satisfaction client.<\/p><\/div><\/div>\n\n\n\n<div class=\"wp-block-uagb-container uagb-block-6f9b3180\">\n<div class=\"wp-block-uagb-image uagb-block-42a67e34 wp-block-uagb-image--layout-default wp-block-uagb-image--effect-static wp-block-uagb-image--align-none\"><figure class=\"wp-block-uagb-image__figure\"><img decoding=\"async\" srcset=\"https:\/\/www.constructbali.com\/wp-content\/uploads\/Bedroom-at-Villa-Vida-in-Bali-with-view-over-greenery-900x643.jpg ,https:\/\/www.constructbali.com\/wp-content\/uploads\/Bedroom-at-Villa-Vida-in-Bali-with-view-over-greenery.jpg 780w, https:\/\/www.constructbali.com\/wp-content\/uploads\/Bedroom-at-Villa-Vida-in-Bali-with-view-over-greenery.jpg 360w\" sizes=\"auto, (max-width: 480px) 150px\" src=\"https:\/\/www.constructbali.com\/wp-content\/uploads\/Bedroom-at-Villa-Vida-in-Bali-with-view-over-greenery-900x643.jpg\" alt=\"Chambre \u00e0 coucher \u00e0 la Villa Vida \u00e0 Bali avec vue sur la verdure\" class=\"uag-image-1960\" width=\"900\" height=\"643\" title=\"Chambre \u00e0 coucher \u00e0 la Villa Vida \u00e0 Bali avec vue sur la verdure\" loading=\"lazy\" role=\"img\"\/><\/figure><\/div>\n\n\n\n<div class=\"wp-block-uagb-buttons uagb-buttons__outer-wrap uagb-btn__default-btn uagb-btn-tablet__default-btn uagb-btn-mobile__default-btn uagb-block-0084ef52 project\"><div class=\"uagb-buttons__wrap uagb-buttons-layout-wrap\">\n<div class=\"wp-block-uagb-buttons-child uagb-buttons__outer-wrap uagb-block-33626730 wp-block-button\"><div class=\"uagb-button__wrapper\"><a class=\"uagb-buttons-repeater ast-outline-button\" aria-label=\"\" style=\"border-width:revert-layer\" href=\"\/fr\/projets\/villa-vida\/\" rel=\"follow noopener\" target=\"_self\" role=\"button\"><div class=\"uagb-button__link\">Villa Vida<\/div><\/a><\/div><\/div>\n<\/div><\/div>\n<\/div>\n<\/div><\/div>\n\n\n\n<div class=\"wp-block-uagb-container uagb-block-e82882bb alignfull uagb-is-root-container\"><div class=\"uagb-container-inner-blocks-wrap\">\n<div class=\"wp-block-uagb-info-box uagb-block-b826a36b uagb-infobox__content-wrap  uagb-infobox-icon-above-title uagb-infobox-image-valign-top\"><div class=\"uagb-ifb-content\"><div class=\"uagb-ifb-icon-wrap\"><svg xmlns=\"https:\/\/www.w3.org\/2000\/svg\" viewbox=\"0 0 512 512\"><path d=\"M512 256C512 397.4 397.4 512 256 512C114.6 512 0 397.4 0 256C0 114.6 114.6 0 256 0C397.4 0 512 114.6 512 256z\"><\/path><\/svg><\/div><div class=\"uagb-ifb-title-wrap\"><h3 class=\"uagb-ifb-title translation-block\">Collaboration &amp;<br>Communication<\/h3><\/div><p class=\"uagb-ifb-desc translation-block\">En tant qu'entreprise occidentale avec des chefs de projet anglophoneset francophones, nous offrons un accompagnement multilingue en anglais, fran\u00e7ais et bahasa indonesi\u00e9n. La communication \u00e9tant essentielle, nous privil\u00e9gions des \u00e9changes clairs et informatifs \u00e0 chaque phase du projet, notamment en collaborant efficacement avec les architectes et designers. Cette coordination fluide garantit un d\u00e9roulement optimal et refl\u00e8te notre engagement envers un service client d'exception.<\/p><\/div><\/div>\n\n\n\n<div class=\"wp-block-uagb-container uagb-block-d8f77683\">\n<div class=\"wp-block-uagb-image uagb-block-8562a6e7 wp-block-uagb-image--layout-default wp-block-uagb-image--effect-static wp-block-uagb-image--align-none\"><figure class=\"wp-block-uagb-image__figure\"><img decoding=\"async\" srcset=\"https:\/\/www.constructbali.com\/wp-content\/uploads\/Designer-bathroom-with-wooden-doors-and-top-quality-lighting-900x643.jpg ,https:\/\/www.constructbali.com\/wp-content\/uploads\/Designer-bathroom-with-wooden-doors-and-top-quality-lighting-scaled.jpg 780w, https:\/\/www.constructbali.com\/wp-content\/uploads\/Designer-bathroom-with-wooden-doors-and-top-quality-lighting-scaled.jpg 360w\" sizes=\"auto, (max-width: 480px) 150px\" src=\"https:\/\/www.constructbali.com\/wp-content\/uploads\/Designer-bathroom-with-wooden-doors-and-top-quality-lighting-900x643.jpg\" alt=\"Salle de bain design avec portes en bois et \u00e9clairage haut de gamme\" class=\"uag-image-1735\" width=\"900\" height=\"643\" title=\"Salle de bain design avec portes en bois et \u00e9clairage haut de gamme\" loading=\"lazy\" role=\"img\"\/><\/figure><\/div>\n\n\n\n<div class=\"wp-block-uagb-buttons uagb-buttons__outer-wrap uagb-btn__default-btn uagb-btn-tablet__default-btn uagb-btn-mobile__default-btn uagb-block-6d7da300 project\"><div class=\"uagb-buttons__wrap uagb-buttons-layout-wrap\">\n<div class=\"wp-block-uagb-buttons-child uagb-buttons__outer-wrap uagb-block-e4b32986 wp-block-button\"><div class=\"uagb-button__wrapper\"><a class=\"uagb-buttons-repeater ast-outline-button\" aria-label=\"\" style=\"border-width:revert-layer\" href=\"\/fr\/projets\/the-lilly-pad\/\" rel=\"follow noopener\" target=\"_self\" role=\"button\"><div class=\"uagb-button__link\">Le pav\u00e9 Lilly<\/div><\/a><\/div><\/div>\n<\/div><\/div>\n<\/div>\n<\/div><\/div>\n<\/div><\/div>\n\n\n\n<div class=\"wp-block-uagb-container uagb-block-85c1227a alignfull uagb-is-root-container\">\n<div class=\"wp-block-uagb-buttons uagb-buttons__outer-wrap uagb-btn__default-btn uagb-btn-tablet__default-btn uagb-btn-mobile__default-btn uagb-block-236f96f8 project\"><div class=\"uagb-buttons__wrap uagb-buttons-layout-wrap\">\n<div class=\"wp-block-uagb-buttons-child uagb-buttons__outer-wrap uagb-block-94b426c7 wp-block-button\"><div class=\"uagb-button__wrapper\"><a class=\"uagb-buttons-repeater ast-outline-button\" aria-label=\"\" style=\"border-width:revert-layer\" href=\"\/fr\/projets\/villa-oasis\/\" rel=\"follow noopener\" target=\"_self\" role=\"button\"><div class=\"uagb-button__link\">Villa Oasis<\/div><\/a><\/div><\/div>\n<\/div><\/div>\n<\/div>","protected":false},"excerpt":{"rendered":"<p>CustomerCare From initial consultation right through to project completion and beyond, delivering excellence in customer care is always a priority.<\/p>","protected":false},"author":1,"featured_media":0,"parent":0,"menu_order":0,"comment_status":"closed","ping_status":"closed","template":"","meta":{"_uag_custom_page_level_css":"","site-sidebar-layout":"default","site-content-layout":"","ast-site-content-layout":"","site-content-style":"default","site-sidebar-style":"default","ast-global-header-display":"","ast-banner-title-visibility":"","ast-main-header-display":"","ast-hfb-above-header-display":"","ast-hfb-below-header-display":"","ast-hfb-mobile-header-display":"","site-post-title":"","ast-breadcrumbs-content":"","ast-featured-img":"","footer-sml-layout":"","ast-disable-related-posts":"","theme-transparent-header-meta":"enabled","adv-header-id-meta":"","stick-header-meta":"","header-above-stick-meta":"","header-main-stick-meta":"","header-below-stick-meta":"","astra-migrate-meta-layouts":"default","ast-page-background-enabled":"default","ast-page-background-meta":{"desktop":{"background-color":"var(--ast-global-color-5)","background-image":"","background-repeat":"repeat","background-position":"center center","background-size":"auto","background-attachment":"scroll","background-type":"","background-media":"","overlay-type":"","overlay-color":"","overlay-opacity":"","overlay-gradient":""},"tablet":{"background-color":"","background-image":"","background-repeat":"repeat","background-position":"center center","background-size":"auto","background-attachment":"scroll","background-type":"","background-media":"","overlay-type":"","overlay-color":"","overlay-opacity":"","overlay-gradient":""},"mobile":{"background-color":"","background-image":"","background-repeat":"repeat","background-position":"center center","background-size":"auto","background-attachment":"scroll","background-type":"","background-media":"","overlay-type":"","overlay-color":"","overlay-opacity":"","overlay-gradient":""}},"ast-content-background-meta":{"desktop":{"background-color":"var(--ast-global-color-4)","background-image":"","background-repeat":"repeat","background-position":"center center","background-size":"auto","background-attachment":"scroll","background-type":"","background-media":"","overlay-type":"","overlay-color":"","overlay-opacity":"","overlay-gradient":""},"tablet":{"background-color":"var(--ast-global-color-4)","background-image":"","background-repeat":"repeat","background-position":"center center","background-size":"auto","background-attachment":"scroll","background-type":"","background-media":"","overlay-type":"","overlay-color":"","overlay-opacity":"","overlay-gradient":""},"mobile":{"background-color":"var(--ast-global-color-4)","background-image":"","background-repeat":"repeat","background-position":"center center","background-size":"auto","background-attachment":"scroll","background-type":"","background-media":"","overlay-type":"","overlay-color":"","overlay-opacity":"","overlay-gradient":""}},"footnotes":""},"class_list":["post-168","page","type-page","status-publish","hentry"],"uagb_featured_image_src":{"full":false,"thumbnail":false,"medium":false,"medium_large":false,"large":false,"1536x1536":false,"2048x2048":false,"trp-custom-language-flag":false},"uagb_author_info":{"display_name":"seyhan","author_link":"https:\/\/www.constructbali.com\/fr\/author\/seyhan\/"},"uagb_comment_info":0,"uagb_excerpt":"CustomerCare From initial consultation right through to project completion and beyond, delivering excellence in customer care is always a priority.","_links":{"self":[{"href":"https:\/\/www.constructbali.com\/fr\/wp-json\/wp\/v2\/pages\/168","targetHints":{"allow":["GET"]}}],"collection":[{"href":"https:\/\/www.constructbali.com\/fr\/wp-json\/wp\/v2\/pages"}],"about":[{"href":"https:\/\/www.constructbali.com\/fr\/wp-json\/wp\/v2\/types\/page"}],"author":[{"embeddable":true,"href":"https:\/\/www.constructbali.com\/fr\/wp-json\/wp\/v2\/users\/1"}],"replies":[{"embeddable":true,"href":"https:\/\/www.constructbali.com\/fr\/wp-json\/wp\/v2\/comments?post=168"}],"version-history":[{"count":0,"href":"https:\/\/www.constructbali.com\/fr\/wp-json\/wp\/v2\/pages\/168\/revisions"}],"wp:attachment":[{"href":"https:\/\/www.constructbali.com\/fr\/wp-json\/wp\/v2\/media?parent=168"}],"curies":[{"name":"wp","href":"https:\/\/api.w.org\/{rel}","templated":true}]}}