{"id":482,"date":"2025-01-27T02:15:11","date_gmt":"2025-01-26T18:15:11","guid":{"rendered":"https:\/\/azak.co.uk\/?page_id=482"},"modified":"2025-03-26T01:12:23","modified_gmt":"2025-03-25T17:12:23","slug":"declaration-sur-lesclavage-moderne","status":"publish","type":"page","link":"https:\/\/www.constructbali.com\/fr\/modern-slavery-statement\/","title":{"rendered":"D\u00e9claration sur l'esclavage moderne"},"content":{"rendered":"<section class=\"wp-block-uagb-container uagb-block-b951ff34 alignfull uagb-is-root-container\"><div class=\"uagb-container-inner-blocks-wrap\">\n<h1 class=\"wp-block-heading\">D\u00e9claration sur l'esclavage moderne<\/h1>\n\n\n\n<h2 class=\"wp-block-heading\">Introduction<\/h2>\n\n\n\n<p>Cette d\u00e9claration est \u00e9tablie conform\u00e9ment \u00e0 l'article 54 du Modern Slavery Act 2015. Elle constitue la d\u00e9claration de Construct Bali sur l'esclavage et la traite des \u00eatres humains pour l'exercice financier se terminant le 31 d\u00e9cembre 2024. Cette d\u00e9claration couvre les activit\u00e9s de Construct Bali ainsi que sa cha\u00eene d'approvisionnement.<\/p>\n\n\n\n<h2 class=\"wp-block-heading\">Notre organisation<\/h2>\n\n\n\n<p>Construct Bali est l'une des  principales entreprises de gestion de construction \u00e0 Bali. Nous nous appuyons sur des entrepreneurs, des fournisseurs de mat\u00e9riaux et des prestataires de services pour mener \u00e0 bien notre projets.<\/p>\n\n\n\n<p>Nos bureaux comptent environ 10 employ\u00e9s. Ces employ\u00e9s sont en grande majorit\u00e9 employ\u00e9s directement et ne sont g\u00e9n\u00e9ralement pas dans une cat\u00e9gorie consid\u00e9r\u00e9e comme vuln\u00e9rable \u00e0 l'esclavage moderne. Notre principal objectif est donc de veiller \u00e0 la mise en place de politiques et de proc\u00e9dures de diligence raisonnable pour nos fournisseurs.<\/p>\n\n\n\n<h2 class=\"wp-block-heading\">Notre Cha\u00eene d'Approvisionnement<\/h2>\n\n\n\n<p>Construct Bali s'engage \u00e0 am\u00e9liorer en permenance ses pratiques afin d'identifier et d'\u00e9liminer toute forme d'esclavage et de traite des \u00eatres humains au sein de son activit\u00e9 et de sa cha\u00eene d'approvisionnement. Nous nous effor\u00e7ons d'agir de mani\u00e8re \u00e9thique et int\u00e8gre dans toutes nos relations commerciales.<\/p>\n\n\n\n<p>Construct Bali travaille avec un large \u00e9ventail de fournisseurs qui fabriquent et livrent des mat\u00e9riaux n\u00e9cessaires \u00e0 nos op\u00e9rations.<\/p>\n\n\n\n<h2 class=\"wp-block-heading\">Politiques<\/h2>\n\n\n\n<p>Construct Bali a mis en place plusieurs politiques visant \u00e0 lutter contre le risque d'esclavage moderne dans notre cha\u00eene d'approvisionnement, notamment:<\/p>\n\n\n\n<ul class=\"wp-block-list\">\n<li><strong>Politique de collaboration avec les fournisseurs et partenaires d\u00e9finissant les exigences internes en mati\u00e8re d'achat de biens et de services ;<\/strong>&nbsp;which sets out internal requirements for buying goods and services;<\/li>\n\n\n\n<li><strong>Politique d'approvisionnement responsable couvrant les des droits de l'homme, le travail des enfants, le travail forc\u00e9 et l'esclavage moderne ;&nbsp;<\/strong>covering issues of human rights, child and forced labour and modern slavery; and<\/li>\n\n\n\n<li><strong>Politique de signalement encourageant les employ\u00e9s et b\u00e9n\u00e9voles \u00e0 rapporter toute pr\u00e9occupation, y compris celles li\u00e9es \u00e0 l'esclavage moderne, \u00e0 la traite des \u00eatres humains et au travail des enfants ou forc\u00e9.<\/strong>&nbsp;which encourages staff and volunteers to report concerns including any related to modern slavery\/trafficking and child or forced labour.<\/li>\n<\/ul>\n\n\n\n<h2 class=\"wp-block-heading\">Diligence Raisonn\u00e9e<\/h2>\n\n\n\n<p>Nous continuons \u00e0 surveiller les fournisseurs pr\u00e9sentant un risque \u00e9lev\u00e9 d'esclavage moderne dans notre cha\u00eene d'approvisionnement, en particulier lorsque les mat\u00e9riaux proviennent de pays de risque. L'\u00e9quipe de Construct Bali est charg\u00e9e de l'\u00e9valuer les informations fournies par les fournisseurs et les exploitants d'usines. Si un fournisseur ou une usine ne r\u00e9pond pas aux demandes d'informations ou ne respecte pas les exigences de Construct Bali, nous prendrons les mesures appropri\u00e9es. Celles-ci peuvent inclure la suspension ou la r\u00e9alisation de la relation commerciale, voire l'interdiction pour le fournisseur de s'approvisionner aupr\u00e8s d'une usine sp\u00e9cifique.<\/p>\n\n\n\n<h2 class=\"wp-block-heading\">Formation<\/h2>\n\n\n\n<p>Tout au long de l'ann\u00e9e, nous avons continu\u00e9 \u00e0 fournir conseils et accompagnement aux \u00e9quipes directement responsables des cha\u00eenes d'approvisionnement concern\u00e9es. Notre \u00e9quipe achats a suivi une formation sur l'esclavage moderne. Nous disposons \u00e9galement d'un guide de r\u00e9f\u00e9rence sur le Modern Slavery Act, accessible \u00e0 l'ensemble de notre personnel.<\/p>\n\n\n\n<h2 class=\"wp-block-heading\">Perspectives<\/h2>\n\n\n\n<p>Au cours du prochain exercice financier, nous poursuivrons l'am\u00e9lioration de nos proc\u00e9dures afin d'identifier, pr\u00e9venir et att\u00e9nuer tout risque d'esclavage moderne ou de traite des \u00eatres humains, tant chez nos fournisseurs nouveaux et existants qu'au sein de nos propres op\u00e9rations.<\/p>\n\n\n\n<h2 class=\"wp-block-heading\">Approbation<\/h2>\n\n\n\n<p>Cette d\u00e9claration a \u00e9t\u00e9 officiellement approuv\u00e9e par Construct Bali.<\/p>\n<\/div><\/section>","protected":false},"excerpt":{"rendered":"<p>Modern Slavery Statement Introduction This statement is made pursuant to section 54 of the Modern Slavery Act 2015. It constitutes [&hellip;]<\/p>\n","protected":false},"author":1,"featured_media":0,"parent":0,"menu_order":0,"comment_status":"closed","ping_status":"open","template":"","meta":{"_uag_custom_page_level_css":"","site-sidebar-layout":"default","site-content-layout":"","ast-site-content-layout":"narrow-width-container","site-content-style":"default","site-sidebar-style":"default","ast-global-header-display":"","ast-banner-title-visibility":"","ast-main-header-display":"","ast-hfb-above-header-display":"","ast-hfb-below-header-display":"","ast-hfb-mobile-header-display":"","site-post-title":"disabled","ast-breadcrumbs-content":"","ast-featured-img":"","footer-sml-layout":"","ast-disable-related-posts":"","theme-transparent-header-meta":"default","adv-header-id-meta":"","stick-header-meta":"disabled","header-above-stick-meta":"","header-main-stick-meta":"","header-below-stick-meta":"","astra-migrate-meta-layouts":"default","ast-page-background-enabled":"default","ast-page-background-meta":{"desktop":{"background-color":"var(--ast-global-color-5)","background-image":"","background-repeat":"repeat","background-position":"center center","background-size":"auto","background-attachment":"scroll","background-type":"","background-media":"","overlay-type":"","overlay-color":"","overlay-opacity":"","overlay-gradient":""},"tablet":{"background-color":"","background-image":"","background-repeat":"repeat","background-position":"center center","background-size":"auto","background-attachment":"scroll","background-type":"","background-media":"","overlay-type":"","overlay-color":"","overlay-opacity":"","overlay-gradient":""},"mobile":{"background-color":"","background-image":"","background-repeat":"repeat","background-position":"center center","background-size":"auto","background-attachment":"scroll","background-type":"","background-media":"","overlay-type":"","overlay-color":"","overlay-opacity":"","overlay-gradient":""}},"ast-content-background-meta":{"desktop":{"background-color":"var(--ast-global-color-4)","background-image":"","background-repeat":"repeat","background-position":"center center","background-size":"auto","background-attachment":"scroll","background-type":"","background-media":"","overlay-type":"","overlay-color":"","overlay-opacity":"","overlay-gradient":""},"tablet":{"background-color":"var(--ast-global-color-4)","background-image":"","background-repeat":"repeat","background-position":"center center","background-size":"auto","background-attachment":"scroll","background-type":"","background-media":"","overlay-type":"","overlay-color":"","overlay-opacity":"","overlay-gradient":""},"mobile":{"background-color":"var(--ast-global-color-4)","background-image":"","background-repeat":"repeat","background-position":"center center","background-size":"auto","background-attachment":"scroll","background-type":"","background-media":"","overlay-type":"","overlay-color":"","overlay-opacity":"","overlay-gradient":""}},"footnotes":""},"class_list":["post-482","page","type-page","status-publish","hentry"],"uagb_featured_image_src":{"full":false,"thumbnail":false,"medium":false,"medium_large":false,"large":false,"1536x1536":false,"2048x2048":false,"trp-custom-language-flag":false},"uagb_author_info":{"display_name":"seyhan","author_link":"https:\/\/www.constructbali.com\/fr\/author\/seyhan\/"},"uagb_comment_info":0,"uagb_excerpt":"Modern Slavery Statement Introduction This statement is made pursuant to section 54 of the Modern Slavery Act 2015. It constitutes [&hellip;]","_links":{"self":[{"href":"https:\/\/www.constructbali.com\/fr\/wp-json\/wp\/v2\/pages\/482","targetHints":{"allow":["GET"]}}],"collection":[{"href":"https:\/\/www.constructbali.com\/fr\/wp-json\/wp\/v2\/pages"}],"about":[{"href":"https:\/\/www.constructbali.com\/fr\/wp-json\/wp\/v2\/types\/page"}],"author":[{"embeddable":true,"href":"https:\/\/www.constructbali.com\/fr\/wp-json\/wp\/v2\/users\/1"}],"replies":[{"embeddable":true,"href":"https:\/\/www.constructbali.com\/fr\/wp-json\/wp\/v2\/comments?post=482"}],"version-history":[{"count":1,"href":"https:\/\/www.constructbali.com\/fr\/wp-json\/wp\/v2\/pages\/482\/revisions"}],"predecessor-version":[{"id":4241,"href":"https:\/\/www.constructbali.com\/fr\/wp-json\/wp\/v2\/pages\/482\/revisions\/4241"}],"wp:attachment":[{"href":"https:\/\/www.constructbali.com\/fr\/wp-json\/wp\/v2\/media?parent=482"}],"curies":[{"name":"wp","href":"https:\/\/api.w.org\/{rel}","templated":true}]}}