{"id":484,"date":"2025-01-27T02:18:03","date_gmt":"2025-01-26T18:18:03","guid":{"rendered":"https:\/\/azak.co.uk\/?page_id=484"},"modified":"2025-02-22T03:52:23","modified_gmt":"2025-02-21T19:52:23","slug":"accessibility","status":"publish","type":"page","link":"https:\/\/www.constructbali.com\/fr\/accessibility\/","title":{"rendered":"Accessibilit\u00e9"},"content":{"rendered":"<div class=\"wp-block-uagb-container uagb-layout-flex uagb-block-8b1f028a alignfull uagb-is-root-container\"><div class=\"uagb-container-inner-blocks-wrap\">\n<h1 class=\"wp-block-heading\">Accessibilit\u00e9<\/h1>\n\n\n\n<p>Chez Construct Bali, nous savons que les capacit\u00e9s individuelles des internautes, ainsi que les m\u00e9thodes et technologies de communication utilis\u00e9es, sont extr\u00eamement vari\u00e9es. Nous avons la responsabilit\u00e9 d'offrir une exp\u00e9rience aussi inclusive que possible, car chaque visiteur de notre site web compte.<\/p>\n\n\n\n<p>Nous avons con\u00e7u ce site pour en souci d'inclusivit\u00e9, en respectant les normes WCAG 2.1 AA, et les meilleures pratiques en mati\u00e8re d'accessibilit\u00e9. Plusieurs fonctionnalit\u00e9s ont \u00e9t\u00e9 int\u00e9gr\u00e9es afin d'optimiser l'accessibilit\u00e9 et la convivialit\u00e9, notamment\u00a0:<\/p>\n\n\n\n<ul class=\"wp-block-list\">\n<li>Des alternatives textuelles adapt\u00e9es \u00e0 tout contenu non textuel<\/li>\n\n\n\n<li>Un plan du site, des pages bien identifi\u00e9es, des titres et des liens facilitant la navigation et la recheche de contenu de mani\u00e8re personnalis\u00e9e.&nbsp;&nbsp;<\/li>\n\n\n\n<li>Des feuilles de style en cascade (CSS) permettant de personnaliser l'affichage via les param\u00e8tres de votre navigateur, notamment la taille de la couleur de la police, afin d'am\u00e9liorer la lisibilit\u00e9.<\/li>\n\n\n\n<li>Une fonction de saut de navigation.<\/li>\n\n\n\n<li>Mis en \u00e9vidence claire des \u00e9l\u00e9ments actif pour les utilisateurs naviguant exclusivement au clavier<\/li>\n\n\n\n<li>Comportement du lien \u00ab Nouvel onglet \u00bb signal\u00e9 lorsque n\u00e9cessaire<\/li>\n<\/ul>\n\n\n\n<p>Nous avons r\u00e9alis\u00e9 un audit professionnel du site afin d'assurer sa conformit\u00e9 aux normes WCAG 2.1 AA. Tout au long de son d\u00e9veloppement, nous avons utilis\u00e9 le logiciel de lecture d'\u00e9cran NVDA. Nous esp\u00e9rons que ces efforts vous permettront d'acc\u00e9der \u00e0 nos service, quel que soit le navigateur ou la technologie d'assistance que vous utilisez.&nbsp;<\/p>\n\n\n\n<p>Si vous rencontrez des difficult\u00e9s lors de l'utilisation du site, ou si vous avez des suggestions ou des questions, n'h\u00e9sitez pas \u00e0 nous contacter \u00e0l'addresse suivante: info@constructbali.com.<\/p>\n<\/div><\/div>","protected":false},"excerpt":{"rendered":"<p>Accessibility At Construct Bali, we know that the individual abilities of internet users, and the communications methods and technologies in [&hellip;]<\/p>\n","protected":false},"author":1,"featured_media":0,"parent":0,"menu_order":0,"comment_status":"closed","ping_status":"closed","template":"","meta":{"_uag_custom_page_level_css":"","site-sidebar-layout":"default","site-content-layout":"","ast-site-content-layout":"narrow-width-container","site-content-style":"default","site-sidebar-style":"default","ast-global-header-display":"","ast-banner-title-visibility":"","ast-main-header-display":"","ast-hfb-above-header-display":"","ast-hfb-below-header-display":"","ast-hfb-mobile-header-display":"","site-post-title":"disabled","ast-breadcrumbs-content":"","ast-featured-img":"","footer-sml-layout":"","ast-disable-related-posts":"","theme-transparent-header-meta":"","adv-header-id-meta":"","stick-header-meta":"disabled","header-above-stick-meta":"","header-main-stick-meta":"","header-below-stick-meta":"","astra-migrate-meta-layouts":"default","ast-page-background-enabled":"default","ast-page-background-meta":{"desktop":{"background-color":"var(--ast-global-color-5)","background-image":"","background-repeat":"repeat","background-position":"center center","background-size":"auto","background-attachment":"scroll","background-type":"","background-media":"","overlay-type":"","overlay-color":"","overlay-opacity":"","overlay-gradient":""},"tablet":{"background-color":"","background-image":"","background-repeat":"repeat","background-position":"center center","background-size":"auto","background-attachment":"scroll","background-type":"","background-media":"","overlay-type":"","overlay-color":"","overlay-opacity":"","overlay-gradient":""},"mobile":{"background-color":"","background-image":"","background-repeat":"repeat","background-position":"center center","background-size":"auto","background-attachment":"scroll","background-type":"","background-media":"","overlay-type":"","overlay-color":"","overlay-opacity":"","overlay-gradient":""}},"ast-content-background-meta":{"desktop":{"background-color":"var(--ast-global-color-4)","background-image":"","background-repeat":"repeat","background-position":"center center","background-size":"auto","background-attachment":"scroll","background-type":"","background-media":"","overlay-type":"","overlay-color":"","overlay-opacity":"","overlay-gradient":""},"tablet":{"background-color":"var(--ast-global-color-4)","background-image":"","background-repeat":"repeat","background-position":"center center","background-size":"auto","background-attachment":"scroll","background-type":"","background-media":"","overlay-type":"","overlay-color":"","overlay-opacity":"","overlay-gradient":""},"mobile":{"background-color":"var(--ast-global-color-4)","background-image":"","background-repeat":"repeat","background-position":"center center","background-size":"auto","background-attachment":"scroll","background-type":"","background-media":"","overlay-type":"","overlay-color":"","overlay-opacity":"","overlay-gradient":""}},"footnotes":""},"class_list":["post-484","page","type-page","status-publish","hentry"],"uagb_featured_image_src":{"full":false,"thumbnail":false,"medium":false,"medium_large":false,"large":false,"1536x1536":false,"2048x2048":false,"trp-custom-language-flag":false},"uagb_author_info":{"display_name":"seyhan","author_link":"https:\/\/www.constructbali.com\/fr\/author\/seyhan\/"},"uagb_comment_info":0,"uagb_excerpt":"Accessibility At Construct Bali, we know that the individual abilities of internet users, and the communications methods and technologies in [&hellip;]","_links":{"self":[{"href":"https:\/\/www.constructbali.com\/fr\/wp-json\/wp\/v2\/pages\/484","targetHints":{"allow":["GET"]}}],"collection":[{"href":"https:\/\/www.constructbali.com\/fr\/wp-json\/wp\/v2\/pages"}],"about":[{"href":"https:\/\/www.constructbali.com\/fr\/wp-json\/wp\/v2\/types\/page"}],"author":[{"embeddable":true,"href":"https:\/\/www.constructbali.com\/fr\/wp-json\/wp\/v2\/users\/1"}],"replies":[{"embeddable":true,"href":"https:\/\/www.constructbali.com\/fr\/wp-json\/wp\/v2\/comments?post=484"}],"version-history":[{"count":0,"href":"https:\/\/www.constructbali.com\/fr\/wp-json\/wp\/v2\/pages\/484\/revisions"}],"wp:attachment":[{"href":"https:\/\/www.constructbali.com\/fr\/wp-json\/wp\/v2\/media?parent=484"}],"curies":[{"name":"wp","href":"https:\/\/api.w.org\/{rel}","templated":true}]}}